{"id":683,"date":"2018-07-25T15:06:14","date_gmt":"2018-07-25T18:06:14","guid":{"rendered":"https:\/\/isplacosta-bue.infd.edu.ar\/sitio\/?page_id=683"},"modified":"2021-11-25T17:11:33","modified_gmt":"2021-11-25T20:11:33","slug":"institucional","status":"publish","type":"page","link":"https:\/\/isplacosta-bue.infd.edu.ar\/sitio\/institucional\/","title":{"rendered":"El Instituto"},"content":{"rendered":"\n<p>Instituto Superior del Partido de La Costa es una escuela terciaria privada, bajo la supervisi\u00f3n de DIEGEP regi\u00f3n 18 con n\u00ba 7320. Ubicado en Ruta 11 km 320; ofrece estudios superiores en La Costa y Gral. Lavalle hace m\u00e1s de 17 a\u00f1os. Carreras terciarias oficiales con t\u00edtulos de validez nacional.<\/p>\n\n\n\n<figure class=\"wp-block-image size-large\"><img decoding=\"async\" loading=\"lazy\" width=\"1900\" height=\"950\" src=\"https:\/\/isplacosta-bue.infd.edu.ar\/sitio\/wp-content\/uploads\/2021\/09\/INSTITUTO-SUPERIOR-DEL-PARTIDO-DE-LA-COSTA-DIEGEP-7320-1900x950.jpg\" alt=\"\" class=\"wp-image-819\" srcset=\"https:\/\/isplacosta-bue.infd.edu.ar\/sitio\/wp-content\/uploads\/2021\/09\/INSTITUTO-SUPERIOR-DEL-PARTIDO-DE-LA-COSTA-DIEGEP-7320-1900x950.jpg 1900w, https:\/\/isplacosta-bue.infd.edu.ar\/sitio\/wp-content\/uploads\/2021\/09\/INSTITUTO-SUPERIOR-DEL-PARTIDO-DE-LA-COSTA-DIEGEP-7320-1000x500.jpg 1000w, https:\/\/isplacosta-bue.infd.edu.ar\/sitio\/wp-content\/uploads\/2021\/09\/INSTITUTO-SUPERIOR-DEL-PARTIDO-DE-LA-COSTA-DIEGEP-7320-768x384.jpg 768w, https:\/\/isplacosta-bue.infd.edu.ar\/sitio\/wp-content\/uploads\/2021\/09\/INSTITUTO-SUPERIOR-DEL-PARTIDO-DE-LA-COSTA-DIEGEP-7320-1536x768.jpg 1536w, https:\/\/isplacosta-bue.infd.edu.ar\/sitio\/wp-content\/uploads\/2021\/09\/INSTITUTO-SUPERIOR-DEL-PARTIDO-DE-LA-COSTA-DIEGEP-7320-2048x1024.jpg 2048w\" sizes=\"(max-width: 1900px) 100vw, 1900px\" \/><\/figure>\n","protected":false},"excerpt":{"rendered":"<p>Instituto Superior del Partido de La Costa es una escuela terciaria privada, bajo la supervisi\u00f3n de DIEGEP regi\u00f3n 18 con n\u00ba 7320. Ubicado en Ruta 11 km 320; ofrece estudios superiores en La Costa y Gral. Lavalle hace m\u00e1s de 17 a\u00f1os. Carreras terciarias oficiales con t\u00edtulos de validez nacional.<\/p>\n","protected":false},"author":6,"featured_media":0,"parent":0,"menu_order":0,"comment_status":"closed","ping_status":"closed","template":"","meta":[],"acf":[],"_links":{"self":[{"href":"https:\/\/isplacosta-bue.infd.edu.ar\/sitio\/wp-json\/wp\/v2\/pages\/683"}],"collection":[{"href":"https:\/\/isplacosta-bue.infd.edu.ar\/sitio\/wp-json\/wp\/v2\/pages"}],"about":[{"href":"https:\/\/isplacosta-bue.infd.edu.ar\/sitio\/wp-json\/wp\/v2\/types\/page"}],"author":[{"embeddable":true,"href":"https:\/\/isplacosta-bue.infd.edu.ar\/sitio\/wp-json\/wp\/v2\/users\/6"}],"replies":[{"embeddable":true,"href":"https:\/\/isplacosta-bue.infd.edu.ar\/sitio\/wp-json\/wp\/v2\/comments?post=683"}],"version-history":[{"count":5,"href":"https:\/\/isplacosta-bue.infd.edu.ar\/sitio\/wp-json\/wp\/v2\/pages\/683\/revisions"}],"predecessor-version":[{"id":830,"href":"https:\/\/isplacosta-bue.infd.edu.ar\/sitio\/wp-json\/wp\/v2\/pages\/683\/revisions\/830"}],"wp:attachment":[{"href":"https:\/\/isplacosta-bue.infd.edu.ar\/sitio\/wp-json\/wp\/v2\/media?parent=683"}],"curies":[{"name":"wp","href":"https:\/\/api.w.org\/{rel}","templated":true}]}}