{"id":644,"date":"2018-06-18T14:12:35","date_gmt":"2018-06-18T17:12:35","guid":{"rendered":"https:\/\/isplacosta-bue.infd.edu.ar\/sitio\/?page_id=644"},"modified":"2021-11-25T17:51:03","modified_gmt":"2021-11-25T20:51:03","slug":"catalogo","status":"publish","type":"page","link":"https:\/\/isplacosta-bue.infd.edu.ar\/sitio\/catalogo\/","title":{"rendered":"Carreras"},"content":{"rendered":"<h1><strong>Profesorado de Educaci\u00f3n F\u00edsica (Res. 2432\/09)<\/strong><\/h1>\n<p>La carrera tiene una duraci\u00f3n de 4 a\u00f1os, el t\u00edtulo es oficial con validez nacional. Para cursar se necesita\u00a0 t\u00edtulo secundario o constancia de t\u00edtulo en tr\u00e1mite. Se cursa de lunes a jueves en turno noche.<\/p>\n<p><img decoding=\"async\" loading=\"lazy\" class=\"alignnone size-full wp-image-838\" src=\"https:\/\/isplacosta-bue.infd.edu.ar\/sitio\/wp-content\/uploads\/2021\/11\/8.png\" alt=\"\" width=\"940\" height=\"788\" srcset=\"https:\/\/isplacosta-bue.infd.edu.ar\/sitio\/wp-content\/uploads\/2021\/11\/8.png 940w, https:\/\/isplacosta-bue.infd.edu.ar\/sitio\/wp-content\/uploads\/2021\/11\/8-768x644.png 768w\" sizes=\"(max-width: 940px) 100vw, 940px\" \/><\/p>\n<h1><strong>Tecnicatura\u00a0 Superior en Salud con especialidad en Radiolog\u00eda (Res. 476\/16)<\/strong><\/h1>\n<p>La carrera tiene una duraci\u00f3n de 3 a\u00f1os, el t\u00edtulo es oficial con validez nacional. Para cursar se necesita\u00a0 t\u00edtulo secundario o constancia de t\u00edtulo en tr\u00e1mite. Se cursa 3 d\u00edas a la semana (martes, mi\u00e9rcoles y jueves) en forma presencial y algunas materias se realizar\u00e1n de forma virtual.; todo esto en un contexto de normalidad. Turno ma\u00f1ana y\/o noche. Pr\u00e1ctica profesionalizante se cursa en contraturno. En caso de continuar en ASPO, la cursada se iniciar\u00e1 de manera 100% virtual hasta tanto se resuelva la situaci\u00f3n sanitaria. Garantizamos clases semanales por materia.<\/p>\n<p><img decoding=\"async\" loading=\"lazy\" class=\"alignnone size-full wp-image-836\" src=\"https:\/\/isplacosta-bue.infd.edu.ar\/sitio\/wp-content\/uploads\/2021\/11\/4.png\" alt=\"\" width=\"940\" height=\"788\" srcset=\"https:\/\/isplacosta-bue.infd.edu.ar\/sitio\/wp-content\/uploads\/2021\/11\/4.png 940w, https:\/\/isplacosta-bue.infd.edu.ar\/sitio\/wp-content\/uploads\/2021\/11\/4-768x644.png 768w\" sizes=\"(max-width: 940px) 100vw, 940px\" \/><\/p>\n<h1><strong>Tecnicatura\u00a0 Superior en Salud con especialidad en Instrumentaci\u00f3n quir\u00fargica (Res. 3859\/19)<\/strong><\/h1>\n<p>La carrera tiene una duraci\u00f3n de 3 a\u00f1os, el t\u00edtulo es oficial con validez nacional. Para cursar se necesita\u00a0 t\u00edtulo secundario o constancia de t\u00edtulo en tr\u00e1mite. Se cursa 3 d\u00edas a la semana (a definir) en forma presencial y algunas materias se realizar\u00e1n de forma virtual.; todo esto en un contexto de normalidad. Turno ma\u00f1ana y\/o noche. En caso de continuar en ASPO, la cursada se iniciar\u00e1 de manera 100% virtual hasta tanto se resuelva la situaci\u00f3n sanitaria. Garantizamos clases semanales por materia. Pr\u00e1ctica profesionalizante se cursa en contraturno 2 veces al mes.<\/p>\n<p><img decoding=\"async\" loading=\"lazy\" class=\"alignnone size-full wp-image-837\" src=\"https:\/\/isplacosta-bue.infd.edu.ar\/sitio\/wp-content\/uploads\/2021\/11\/6.png\" alt=\"\" width=\"940\" height=\"788\" srcset=\"https:\/\/isplacosta-bue.infd.edu.ar\/sitio\/wp-content\/uploads\/2021\/11\/6.png 940w, https:\/\/isplacosta-bue.infd.edu.ar\/sitio\/wp-content\/uploads\/2021\/11\/6-768x644.png 768w\" sizes=\"(max-width: 940px) 100vw, 940px\" \/><\/p>\n<h1><strong>Profesorado de Educaci\u00f3n Inicial (Res. 4154\/07)<\/strong><\/h1>\n<p>La carrera tiene una duraci\u00f3n de 4 a\u00f1os, el t\u00edtulo es oficial con validez nacional. Para cursar se necesita\u00a0 t\u00edtulo secundario o constancia de t\u00edtulo en tr\u00e1mite. Se cursa de lunes a viernes. Turno ma\u00f1ana y\/o noche. En caso de continuar en ASPO, la cursada se iniciar\u00e1 de manera 100% virtual hasta tanto se resuelva la situaci\u00f3n sanitaria. Garantizamos clases semanales por materia.<\/p>\n<h1><strong>Tecnicatura Superior en Psicopedagog\u00eda (Res. 2460\/11)<\/strong><\/h1>\n<p>La carrera tiene una duraci\u00f3n de 4 a\u00f1os, el t\u00edtulo es oficial con validez nacional. Para cursar se necesita\u00a0 t\u00edtulo secundario o constancia de t\u00edtulo en tr\u00e1mite.<\/p>\n<p>Se cursa 3 d\u00edas a la semana (a definir) en forma presencial y algunas materias se realizar\u00e1n de forma virtual.; todo esto en un contexto de normalidad. Turno ma\u00f1ana y\/o noche.<\/p>\n<p>En caso de continuar en ASPO, la cursada se iniciar\u00e1 de manera 100% virtual hasta tanto se resuelva la situaci\u00f3n sanitaria. Garantizamos clases semanales por materia.<\/p>\n<h1><strong>Tecnicatura\u00a0 Superior en Salud con especialidad en An\u00e1lisis cl\u00ednicos (Res. 205\/18)<\/strong><\/h1>\n<p>La carrera tiene una duraci\u00f3n de 3 a\u00f1os, el t\u00edtulo es oficial con validez nacional. Para cursar se necesita\u00a0 t\u00edtulo secundario o constancia de t\u00edtulo en tr\u00e1mite.<\/p>\n<p>Se cursa 3 d\u00edas a la semana (martes., mi\u00e9rcoles y jueves) en forma presencial y algunas materias se realizar\u00e1n de forma virtual; todo esto en un contexto de normalidad. Turno noche.<\/p>\n<p>En caso de continuar en ASPO, la cursada se iniciar\u00e1 de manera 100% virtual hasta tanto se resuelva la situaci\u00f3n sanitaria. Garantizamos clases semanales por materia.<\/p>\n<p>Pr\u00e1ctica profesionalizante se cursa en contraturno 2 veces al mes.<\/p>\n<h1><strong>Tecnicatura Superior en Fonoaudiolog\u00eda (Res. 166\/15)<\/strong><\/h1>\n<p>La carrera tiene una duraci\u00f3n de 4 a\u00f1os, el t\u00edtulo es oficial con validez nacional.<\/p>\n<p>Se cursa de lunes a viernes en forma presencial y algunas materias se podr\u00e1n realizar de forma virtual.; todo esto en un contexto de normalidad. Turno ma\u00f1ana y\/o noche.<\/p>\n<p>En caso de continuar en ASPO, la cursada se iniciar\u00e1 de manera 100% virtual hasta tanto se resuelva la situaci\u00f3n sanitaria. Garantizamos clases semanales por materia.<\/p>\n<p>REQUISITO PARA EL INGRESO El aspirante deber\u00e1 tener aprobada la educaci\u00f3n secundaria. Adem\u00e1s, el aspirante deber\u00e1 aprobar una evaluaci\u00f3n de salud fonoaudiol\u00f3gica.<\/p>\n<h1><strong>Tecnicatura\u00a0 Superior en Salud con especialidad en Farmacia hospitalaria (Res. 5621\/19)<\/strong><\/h1>\n<p>La carrera tiene una duraci\u00f3n de 3 a\u00f1os, el t\u00edtulo es oficial con validez nacional. Para cursar se necesita\u00a0 t\u00edtulo secundario o constancia de t\u00edtulo en tr\u00e1mite.<\/p>\n<p>Se cursa 3 d\u00edas a la semana (martes, mi\u00e9rcoles y jueves) en forma presencial y algunas materias se realizar\u00e1n de forma virtual.; todo esto en un contexto de normalidad. Turno ma\u00f1ana y\/o noche. Pr\u00e1ctica profesionalizante se cursa en contraturno.<\/p>\n","protected":false},"excerpt":{"rendered":"<p>Profesorado de Educaci\u00f3n F\u00edsica (Res. 2432\/09) La carrera tiene una duraci\u00f3n de 4 a\u00f1os, el t\u00edtulo es oficial con validez nacional. Para cursar se necesita\u00a0 t\u00edtulo secundario o constancia de t\u00edtulo en tr\u00e1mite. Se cursa de lunes a jueves en turno noche. Tecnicatura\u00a0 Superior en Salud con especialidad en Radiolog\u00eda (Res. 476\/16) La carrera tiene &#8230; <a title=\"Carreras\" class=\"read-more\" href=\"https:\/\/isplacosta-bue.infd.edu.ar\/sitio\/catalogo\/\" aria-label=\"More on Carreras\">[+]<\/a><\/p>\n","protected":false},"author":8,"featured_media":0,"parent":0,"menu_order":0,"comment_status":"closed","ping_status":"closed","template":"","meta":[],"acf":[],"_links":{"self":[{"href":"https:\/\/isplacosta-bue.infd.edu.ar\/sitio\/wp-json\/wp\/v2\/pages\/644"}],"collection":[{"href":"https:\/\/isplacosta-bue.infd.edu.ar\/sitio\/wp-json\/wp\/v2\/pages"}],"about":[{"href":"https:\/\/isplacosta-bue.infd.edu.ar\/sitio\/wp-json\/wp\/v2\/types\/page"}],"author":[{"embeddable":true,"href":"https:\/\/isplacosta-bue.infd.edu.ar\/sitio\/wp-json\/wp\/v2\/users\/8"}],"replies":[{"embeddable":true,"href":"https:\/\/isplacosta-bue.infd.edu.ar\/sitio\/wp-json\/wp\/v2\/comments?post=644"}],"version-history":[{"count":13,"href":"https:\/\/isplacosta-bue.infd.edu.ar\/sitio\/wp-json\/wp\/v2\/pages\/644\/revisions"}],"predecessor-version":[{"id":849,"href":"https:\/\/isplacosta-bue.infd.edu.ar\/sitio\/wp-json\/wp\/v2\/pages\/644\/revisions\/849"}],"wp:attachment":[{"href":"https:\/\/isplacosta-bue.infd.edu.ar\/sitio\/wp-json\/wp\/v2\/media?parent=644"}],"curies":[{"name":"wp","href":"https:\/\/api.w.org\/{rel}","templated":true}]}}