{"id":286,"date":"2016-10-31T13:17:59","date_gmt":"2016-10-31T16:17:59","guid":{"rendered":"https:\/\/isplacosta-bue.infd.edu.ar\/sitio\/?page_id=286"},"modified":"2021-11-25T19:53:30","modified_gmt":"2021-11-25T22:53:30","slug":"inicio","status":"publish","type":"page","link":"https:\/\/isplacosta-bue.infd.edu.ar\/sitio\/","title":{"rendered":"Inicio"},"content":{"rendered":"\n<div class=\"wp-block-image\"><figure class=\"aligncenter size-large\"><img decoding=\"async\" loading=\"lazy\" width=\"1900\" height=\"633\" src=\"https:\/\/isplacosta-bue.infd.edu.ar\/sitio\/wp-content\/uploads\/2021\/11\/Adobe_Post_20210918_2344060.6502191715297644-1900x633.png\" alt=\"\" class=\"wp-image-875\" srcset=\"https:\/\/isplacosta-bue.infd.edu.ar\/sitio\/wp-content\/uploads\/2021\/11\/Adobe_Post_20210918_2344060.6502191715297644-1900x633.png 1900w, https:\/\/isplacosta-bue.infd.edu.ar\/sitio\/wp-content\/uploads\/2021\/11\/Adobe_Post_20210918_2344060.6502191715297644-1000x333.png 1000w, https:\/\/isplacosta-bue.infd.edu.ar\/sitio\/wp-content\/uploads\/2021\/11\/Adobe_Post_20210918_2344060.6502191715297644-768x256.png 768w, https:\/\/isplacosta-bue.infd.edu.ar\/sitio\/wp-content\/uploads\/2021\/11\/Adobe_Post_20210918_2344060.6502191715297644-1536x512.png 1536w, https:\/\/isplacosta-bue.infd.edu.ar\/sitio\/wp-content\/uploads\/2021\/11\/Adobe_Post_20210918_2344060.6502191715297644-2048x683.png 2048w\" sizes=\"(max-width: 1900px) 100vw, 1900px\" \/><\/figure><\/div>\n\n\n\n<figure class=\"wp-block-image size-large\"><img decoding=\"async\" loading=\"lazy\" width=\"940\" height=\"788\" src=\"https:\/\/isplacosta-bue.infd.edu.ar\/sitio\/wp-content\/uploads\/2021\/11\/6.png\" alt=\"\" class=\"wp-image-837\" srcset=\"https:\/\/isplacosta-bue.infd.edu.ar\/sitio\/wp-content\/uploads\/2021\/11\/6.png 940w, https:\/\/isplacosta-bue.infd.edu.ar\/sitio\/wp-content\/uploads\/2021\/11\/6-768x644.png 768w\" sizes=\"(max-width: 940px) 100vw, 940px\" \/><figcaption><br><br><\/figcaption><\/figure>\n\n\n\n<p><strong>INSTRUMENTACI\u00d3N QUIR\u00daRGICA<\/strong><br><strong>Tecnicatura&nbsp; Superior en Salud con especialidad en Instrumentaci\u00f3n quir\u00fargica (Res. 3859\/19)<\/strong><br>La carrera tiene una duraci\u00f3n de 3 a\u00f1os, el t\u00edtulo es oficial con validez nacional. Para cursar se necesita&nbsp; t\u00edtulo secundario o constancia de t\u00edtulo en tr\u00e1mite.<br>Se cursa 3 veces por semana. Turno noche.<br>Pr\u00e1ctica profesionalizante se cursa en contraturno 2 veces al mes.<br><div  class=\"lgc-column lgc-grid-parent lgc-grid-33 lgc-tablet-grid-50 lgc-mobile-grid-100 lgc-equal-heights \"><div  class=\"inside-grid-column\"><\/div><\/div><\/p>\n\n\n\n<figure class=\"wp-block-image size-large\"><img decoding=\"async\" loading=\"lazy\" width=\"940\" height=\"788\" src=\"https:\/\/isplacosta-bue.infd.edu.ar\/sitio\/wp-content\/uploads\/2021\/11\/8.png\" alt=\"\" class=\"wp-image-838\" srcset=\"https:\/\/isplacosta-bue.infd.edu.ar\/sitio\/wp-content\/uploads\/2021\/11\/8.png 940w, https:\/\/isplacosta-bue.infd.edu.ar\/sitio\/wp-content\/uploads\/2021\/11\/8-768x644.png 768w\" sizes=\"(max-width: 940px) 100vw, 940px\" \/><\/figure>\n\n\n\n<p><strong>PROFESORADO DE EDUCACI\u00d3N F\u00cdSICA<\/strong><br><strong>Profesorado de Educaci\u00f3n F\u00edsica (Res. 2432\/09)<\/strong><br>La carrera tiene una duraci\u00f3n de 4 a\u00f1os, el t\u00edtulo es oficial con validez nacional. Para cursar se necesita&nbsp; t\u00edtulo secundario o constancia de t\u00edtulo en tr\u00e1mite.<br>Se cursa de lunes a jueves en turno noche.<br><div  class=\"lgc-column lgc-grid-parent lgc-grid-33 lgc-tablet-grid-50 lgc-mobile-grid-100 lgc-equal-heights \"><div  class=\"inside-grid-column\"><\/div><\/div><\/p>\n\n\n\n<figure class=\"wp-block-image size-large\"><img decoding=\"async\" loading=\"lazy\" width=\"940\" height=\"788\" src=\"https:\/\/isplacosta-bue.infd.edu.ar\/sitio\/wp-content\/uploads\/2021\/11\/4.png\" alt=\"\" class=\"wp-image-836\" srcset=\"https:\/\/isplacosta-bue.infd.edu.ar\/sitio\/wp-content\/uploads\/2021\/11\/4.png 940w, https:\/\/isplacosta-bue.infd.edu.ar\/sitio\/wp-content\/uploads\/2021\/11\/4-768x644.png 768w\" sizes=\"(max-width: 940px) 100vw, 940px\" \/><figcaption><br><\/figcaption><\/figure>\n\n\n\n<p><strong>RADIOLOG\u00cdA<\/strong><br><strong>Tecnicatura&nbsp; Superior en Salud con especialidad en Radiolog\u00eda (Res. 476\/16)<\/strong><br>La carrera tiene una duraci\u00f3n de 3 a\u00f1os, el t\u00edtulo es oficial con validez nacional. Para cursar se necesita&nbsp; t\u00edtulo secundario o constancia de t\u00edtulo en tr\u00e1mite.<br>Se cursa 3 veces por semana . Turno noche.<br>Pr\u00e1ctica profesionalizante se cursa en contraturno.<br><div  class=\"lgc-column lgc-grid-parent lgc-grid-33 lgc-tablet-grid-50 lgc-mobile-grid-100 lgc-equal-heights \"><div  class=\"inside-grid-column\"><\/div><\/div><\/p>\n\n\n\n<iframe src=\"https:\/\/www.google.com\/maps\/embed?pb=!1m18!1m12!1m3!1d3207.6548237546276!2d-56.71462218525087!3d-36.49005226723014!2m3!1f0!2f0!3f0!3m2!1i1024!2i768!4f13.1!3m3!1m2!1s0x959c115d64847985%3A0x8a0f2dfbd3afecc6!2sISPLaC%20-%20Instituto%20Superior%20de%20Formaci%C3%B3n%20Docente%20y%20T%C3%A9cnica!5e0!3m2!1ses-419!2sar!4v1637880354851!5m2!1ses-419!2sar\" width=\"600\" height=\"450\" style=\"border:0;\" allowfullscreen=\"\" loading=\"lazy\"><\/iframe>\n","protected":false},"excerpt":{"rendered":"<p>INSTRUMENTACI\u00d3N QUIR\u00daRGICATecnicatura&nbsp; Superior en Salud con especialidad en Instrumentaci\u00f3n quir\u00fargica (Res. 3859\/19)La carrera tiene una duraci\u00f3n de 3 a\u00f1os, el t\u00edtulo es oficial con validez nacional. Para cursar se necesita&nbsp; t\u00edtulo secundario o constancia de t\u00edtulo en tr\u00e1mite.Se cursa 3 veces por semana. Turno noche.Pr\u00e1ctica profesionalizante se cursa en contraturno 2 veces al mes. PROFESORADO &#8230; <a title=\"Inicio\" class=\"read-more\" href=\"https:\/\/isplacosta-bue.infd.edu.ar\/sitio\/\" aria-label=\"More on Inicio\">[+]<\/a><\/p>\n","protected":false},"author":8,"featured_media":0,"parent":0,"menu_order":0,"comment_status":"closed","ping_status":"closed","template":"","meta":[],"acf":[],"_links":{"self":[{"href":"https:\/\/isplacosta-bue.infd.edu.ar\/sitio\/wp-json\/wp\/v2\/pages\/286"}],"collection":[{"href":"https:\/\/isplacosta-bue.infd.edu.ar\/sitio\/wp-json\/wp\/v2\/pages"}],"about":[{"href":"https:\/\/isplacosta-bue.infd.edu.ar\/sitio\/wp-json\/wp\/v2\/types\/page"}],"author":[{"embeddable":true,"href":"https:\/\/isplacosta-bue.infd.edu.ar\/sitio\/wp-json\/wp\/v2\/users\/8"}],"replies":[{"embeddable":true,"href":"https:\/\/isplacosta-bue.infd.edu.ar\/sitio\/wp-json\/wp\/v2\/comments?post=286"}],"version-history":[{"count":100,"href":"https:\/\/isplacosta-bue.infd.edu.ar\/sitio\/wp-json\/wp\/v2\/pages\/286\/revisions"}],"predecessor-version":[{"id":915,"href":"https:\/\/isplacosta-bue.infd.edu.ar\/sitio\/wp-json\/wp\/v2\/pages\/286\/revisions\/915"}],"wp:attachment":[{"href":"https:\/\/isplacosta-bue.infd.edu.ar\/sitio\/wp-json\/wp\/v2\/media?parent=286"}],"curies":[{"name":"wp","href":"https:\/\/api.w.org\/{rel}","templated":true}]}}